{"id":10,"date":"2018-03-03T22:37:44","date_gmt":"2018-03-03T21:37:44","guid":{"rendered":"http:\/\/www.dd1ia.net\/?page_id=10"},"modified":"2019-08-18T18:31:48","modified_gmt":"2019-08-18T16:31:48","slug":"blog","status":"publish","type":"page","link":"https:\/\/www.dd1ia.net\/index.php\/blog\/","title":{"rendered":"Blog"},"content":{"rendered":"<p><span style=\"color: #ff0000;\"><strong>03.03.2018<\/strong><\/span>\u00a0\u00a0 <strong>Ich habe die Seite neu erstellt. Die bisherige &#8222;HomeBrew-Site&#8220; basierte auf Flash und die Akzeptanz von Flash geht deutlich zur\u00fcck. In der jetzigen Form als HTML5\/PHP sollte es keine Browser Probleme mehr geben&#8230;.<\/strong><\/p>\n<p><span style=\"color: #ff0000;\"><strong>25.04.2018<\/strong><\/span>\u00a0\u00a0 <strong>Heute kam mein ADALM-Pluto aus USA und mal sehen ob ich meinen IC910 damit ersetzen kann \ud83d\ude09<br \/>\n<\/strong><\/p>\n<p><span style=\"color: #ff0000;\"><strong>25.05.2018<\/strong><\/span>\u00a0 <strong>Die DSGVO ist seit heute in Kraft. Zur Sicherheit ist die Seite verschl\u00fcsselt ( https:\/\/ ) und ein &#8222;Aushang&#8220; ist der Seite hinzugef\u00fcgt \ud83d\ude09<\/strong><\/p>\n<p><span style=\"color: #ff0000;\"><strong>17.06.2018\u00a0<\/strong><\/span> <strong>Ein paar Bilder zu DATV hinzugef\u00fcgt.. Erste \u00dcbertragungen in DVB-S2. Ich werde mal die verstaubten 23cm\/13cm VV und PAs entstauben m\u00fcssen&#8230;<\/strong><\/p>\n<p><strong><span style=\"color: #ff0000;\">21.06.2018\u00a0<\/span><\/strong> <strong>Post aus USA und England am selben Tag.. Einen DBV-S\/S2 Empf\u00e4nger betriebsbereit aus USA und ein Bausatz aus England. Beide Nach dem Konzept\u00a0 von F6DZP.<\/strong><\/p>\n<p><span style=\"color: #ff0000;\"><strong>05.07.2018<\/strong>\u00a0\u00a0<strong><span style=\"color: #000000;\">Der Nachteil von sch\u00f6nem Wetter, jede Menge Arbeit rund ums Haus und wenig Zeit f\u00fcr AFunk ;-(<\/span><\/strong><\/span><\/p>\n<p><span style=\"color: #ff0000;\"><strong>15.08.2018<\/strong>\u00a0<\/span> <strong>Heute wurde mir mein LimeSDR-Mini zugestellt.\u00a0\u00a0 3 Wochen Zwischenaufenthalt in FFM bei Zoll\/DHL\u00a0 .<\/strong><\/p>\n<p><span style=\"color: #ff0000;\"><strong>02.09.2018<\/strong><\/span>\u00a0 E<strong>s wird k\u00fchler und die Arbeit ums Haus wird weniger. Ich hoffe es kommt dem Hobby zu Gute \ud83d\ude09<\/strong><\/p>\n<p><span style=\"color: #ff0000;\"><strong>08.04.2019<\/strong><\/span>\u00a0 E<strong>s wurde k\u00fchler und ich habe mich in erster Linie um mein QO100 Satelliten Equipment gek\u00fcmmert. Ein Teil davon findet man in der entsprechenden Rubrik. Aber noch sind auf diesem &#8222;Spielplatz&#8220; noch viele Experimente m\u00f6glich und es wird keine Langeweile aufkommen.<br \/>\n<\/strong><\/p>\n<p><strong><span style=\"color: #ff0000;\">03.05.2019<\/span>\u00a0 QO100\u00a0 &#8211;\u00a0 Neues Feedgest\u00e4nge f\u00fcr den 1,2m Primefocus fertig, neue Masthalterung ist in Arbeit. Combiner in die 2.4 GHz PA eingebaut und es geht weiter&#8230;<br \/>\n<\/strong><\/p>\n<p><strong><span style=\"color: #ff0000;\">15.06.2019<\/span>\u00a0 Beinahe noch p\u00fcnktlich zum Geburtstag \ud83d\ude42 ist der neue &#8222;RedPitaya 122.8-16&#8220; heute eingetroffen. Das Projekt kann also wieder aufgenommen werden, sobald die QO100 Geschichten &#8222;einget\u00fctet&#8220; sind.<\/strong><\/p>\n<p><strong><span style=\"color: #ff0000;\">06.08.2019<\/span>\u00a0 PatchFeed und Halterung endlich im Wetterschutzgeh\u00e4use des Spiegel montiert. Spiegel-Position optimiert (Den geringen \u00d6ffnungswinkel des 1.2m Prime untersch\u00e4tzt). QO100 Empfang ohne Probleme.<\/strong><\/p>\n<p><strong>\u00a0<span style=\"color: #ff0000;\">16.08.2019<\/span>\u00a0 Da die Wunsch-PA noch im Aufbau ist und die Ungeduld gesiegt hat, habe ich meine 20Watt PA aus ATV Zeiten (Philipp Prinz) &#8222;angesaftet&#8220; und die ersten QO100-QSOs absolviert \ud83d\ude42<br \/>\n<\/strong><\/p>\n<p>&nbsp;<\/p>\n","protected":false},"excerpt":{"rendered":"<p>03.03.2018\u00a0\u00a0 Ich habe die Seite neu erstellt. Die bisherige &#8222;HomeBrew-Site&#8220; basierte auf Flash und die Akzeptanz von Flash geht deutlich zur\u00fcck. In der jetzigen Form als HTML5\/PHP sollte es keine Browser Probleme mehr geben&#8230;. 25.04.2018\u00a0\u00a0 Heute kam mein ADALM-Pluto aus USA und mal sehen ob ich meinen IC910 damit ersetzen kann \ud83d\ude09 25.05.2018\u00a0 Die DSGVO [&hellip;]<\/p>\n","protected":false},"author":1,"featured_media":0,"parent":0,"menu_order":0,"comment_status":"closed","ping_status":"closed","template":"","meta":{"footnotes":""},"class_list":["post-10","page","type-page","status-publish","hentry"],"yoast_head":"<!-- This site is optimized with the Yoast SEO plugin v27.2 - https:\/\/yoast.com\/product\/yoast-seo-wordpress\/ -->\n<title>Blog - DD1IA<\/title>\n<meta name=\"robots\" content=\"index, follow, max-snippet:-1, max-image-preview:large, max-video-preview:-1\" \/>\n<link rel=\"canonical\" href=\"https:\/\/www.dd1ia.net\/index.php\/blog\/\" \/>\n<meta property=\"og:locale\" content=\"de_DE\" \/>\n<meta property=\"og:type\" content=\"article\" \/>\n<meta property=\"og:title\" content=\"Blog - DD1IA\" \/>\n<meta property=\"og:description\" content=\"03.03.2018\u00a0\u00a0 Ich habe die Seite neu erstellt. Die bisherige &#8222;HomeBrew-Site&#8220; basierte auf Flash und die Akzeptanz von Flash geht deutlich zur\u00fcck. In der jetzigen Form als HTML5\/PHP sollte es keine Browser Probleme mehr geben&#8230;. 25.04.2018\u00a0\u00a0 Heute kam mein ADALM-Pluto aus USA und mal sehen ob ich meinen IC910 damit ersetzen kann \ud83d\ude09 25.05.2018\u00a0 Die DSGVO [&hellip;]\" \/>\n<meta property=\"og:url\" content=\"https:\/\/www.dd1ia.net\/index.php\/blog\/\" \/>\n<meta property=\"og:site_name\" content=\"DD1IA\" \/>\n<meta property=\"article:modified_time\" content=\"2019-08-18T16:31:48+00:00\" \/>\n<meta name=\"twitter:card\" content=\"summary_large_image\" \/>\n<meta name=\"twitter:label1\" content=\"Gesch\u00e4tzte Lesezeit\" \/>\n\t<meta name=\"twitter:data1\" content=\"2\u00a0Minuten\" \/>\n<script type=\"application\/ld+json\" class=\"yoast-schema-graph\">{\"@context\":\"https:\/\/schema.org\",\"@graph\":[{\"@type\":\"WebPage\",\"@id\":\"https:\/\/www.dd1ia.net\/index.php\/blog\/\",\"url\":\"https:\/\/www.dd1ia.net\/index.php\/blog\/\",\"name\":\"Blog - DD1IA\",\"isPartOf\":{\"@id\":\"https:\/\/www.dd1ia.net\/#website\"},\"datePublished\":\"2018-03-03T21:37:44+00:00\",\"dateModified\":\"2019-08-18T16:31:48+00:00\",\"breadcrumb\":{\"@id\":\"https:\/\/www.dd1ia.net\/index.php\/blog\/#breadcrumb\"},\"inLanguage\":\"de\",\"potentialAction\":[{\"@type\":\"ReadAction\",\"target\":[\"https:\/\/www.dd1ia.net\/index.php\/blog\/\"]}]},{\"@type\":\"BreadcrumbList\",\"@id\":\"https:\/\/www.dd1ia.net\/index.php\/blog\/#breadcrumb\",\"itemListElement\":[{\"@type\":\"ListItem\",\"position\":1,\"name\":\"Startseite\",\"item\":\"https:\/\/www.dd1ia.net\/\"},{\"@type\":\"ListItem\",\"position\":2,\"name\":\"Blog\"}]},{\"@type\":\"WebSite\",\"@id\":\"https:\/\/www.dd1ia.net\/#website\",\"url\":\"https:\/\/www.dd1ia.net\/\",\"name\":\"DD1IA\",\"description\":\"Amateurfunk &amp; Projekte\",\"publisher\":{\"@id\":\"https:\/\/www.dd1ia.net\/#\/schema\/person\/f3445c6fa4bfdcf4370591cd0d015b02\"},\"potentialAction\":[{\"@type\":\"SearchAction\",\"target\":{\"@type\":\"EntryPoint\",\"urlTemplate\":\"https:\/\/www.dd1ia.net\/?s={search_term_string}\"},\"query-input\":{\"@type\":\"PropertyValueSpecification\",\"valueRequired\":true,\"valueName\":\"search_term_string\"}}],\"inLanguage\":\"de\"},{\"@type\":[\"Person\",\"Organization\"],\"@id\":\"https:\/\/www.dd1ia.net\/#\/schema\/person\/f3445c6fa4bfdcf4370591cd0d015b02\",\"name\":\"hpn\",\"image\":{\"@type\":\"ImageObject\",\"inLanguage\":\"de\",\"@id\":\"https:\/\/secure.gravatar.com\/avatar\/99cc0cbdbb3123a71f88a7ed5f8527e0b1ccf341c2028e4a2d997652d377979d?s=96&d=mm&r=g\",\"url\":\"https:\/\/secure.gravatar.com\/avatar\/99cc0cbdbb3123a71f88a7ed5f8527e0b1ccf341c2028e4a2d997652d377979d?s=96&d=mm&r=g\",\"contentUrl\":\"https:\/\/secure.gravatar.com\/avatar\/99cc0cbdbb3123a71f88a7ed5f8527e0b1ccf341c2028e4a2d997652d377979d?s=96&d=mm&r=g\",\"caption\":\"hpn\"},\"logo\":{\"@id\":\"https:\/\/secure.gravatar.com\/avatar\/99cc0cbdbb3123a71f88a7ed5f8527e0b1ccf341c2028e4a2d997652d377979d?s=96&d=mm&r=g\"},\"sameAs\":[\"http:\/\/www.dd1ia.de\"]}]}<\/script>\n<!-- \/ Yoast SEO plugin. -->","yoast_head_json":{"title":"Blog - DD1IA","robots":{"index":"index","follow":"follow","max-snippet":"max-snippet:-1","max-image-preview":"max-image-preview:large","max-video-preview":"max-video-preview:-1"},"canonical":"https:\/\/www.dd1ia.net\/index.php\/blog\/","og_locale":"de_DE","og_type":"article","og_title":"Blog - DD1IA","og_description":"03.03.2018\u00a0\u00a0 Ich habe die Seite neu erstellt. Die bisherige &#8222;HomeBrew-Site&#8220; basierte auf Flash und die Akzeptanz von Flash geht deutlich zur\u00fcck. In der jetzigen Form als HTML5\/PHP sollte es keine Browser Probleme mehr geben&#8230;. 25.04.2018\u00a0\u00a0 Heute kam mein ADALM-Pluto aus USA und mal sehen ob ich meinen IC910 damit ersetzen kann \ud83d\ude09 25.05.2018\u00a0 Die DSGVO [&hellip;]","og_url":"https:\/\/www.dd1ia.net\/index.php\/blog\/","og_site_name":"DD1IA","article_modified_time":"2019-08-18T16:31:48+00:00","twitter_card":"summary_large_image","twitter_misc":{"Gesch\u00e4tzte Lesezeit":"2\u00a0Minuten"},"schema":{"@context":"https:\/\/schema.org","@graph":[{"@type":"WebPage","@id":"https:\/\/www.dd1ia.net\/index.php\/blog\/","url":"https:\/\/www.dd1ia.net\/index.php\/blog\/","name":"Blog - DD1IA","isPartOf":{"@id":"https:\/\/www.dd1ia.net\/#website"},"datePublished":"2018-03-03T21:37:44+00:00","dateModified":"2019-08-18T16:31:48+00:00","breadcrumb":{"@id":"https:\/\/www.dd1ia.net\/index.php\/blog\/#breadcrumb"},"inLanguage":"de","potentialAction":[{"@type":"ReadAction","target":["https:\/\/www.dd1ia.net\/index.php\/blog\/"]}]},{"@type":"BreadcrumbList","@id":"https:\/\/www.dd1ia.net\/index.php\/blog\/#breadcrumb","itemListElement":[{"@type":"ListItem","position":1,"name":"Startseite","item":"https:\/\/www.dd1ia.net\/"},{"@type":"ListItem","position":2,"name":"Blog"}]},{"@type":"WebSite","@id":"https:\/\/www.dd1ia.net\/#website","url":"https:\/\/www.dd1ia.net\/","name":"DD1IA","description":"Amateurfunk &amp; Projekte","publisher":{"@id":"https:\/\/www.dd1ia.net\/#\/schema\/person\/f3445c6fa4bfdcf4370591cd0d015b02"},"potentialAction":[{"@type":"SearchAction","target":{"@type":"EntryPoint","urlTemplate":"https:\/\/www.dd1ia.net\/?s={search_term_string}"},"query-input":{"@type":"PropertyValueSpecification","valueRequired":true,"valueName":"search_term_string"}}],"inLanguage":"de"},{"@type":["Person","Organization"],"@id":"https:\/\/www.dd1ia.net\/#\/schema\/person\/f3445c6fa4bfdcf4370591cd0d015b02","name":"hpn","image":{"@type":"ImageObject","inLanguage":"de","@id":"https:\/\/secure.gravatar.com\/avatar\/99cc0cbdbb3123a71f88a7ed5f8527e0b1ccf341c2028e4a2d997652d377979d?s=96&d=mm&r=g","url":"https:\/\/secure.gravatar.com\/avatar\/99cc0cbdbb3123a71f88a7ed5f8527e0b1ccf341c2028e4a2d997652d377979d?s=96&d=mm&r=g","contentUrl":"https:\/\/secure.gravatar.com\/avatar\/99cc0cbdbb3123a71f88a7ed5f8527e0b1ccf341c2028e4a2d997652d377979d?s=96&d=mm&r=g","caption":"hpn"},"logo":{"@id":"https:\/\/secure.gravatar.com\/avatar\/99cc0cbdbb3123a71f88a7ed5f8527e0b1ccf341c2028e4a2d997652d377979d?s=96&d=mm&r=g"},"sameAs":["http:\/\/www.dd1ia.de"]}]}},"_links":{"self":[{"href":"https:\/\/www.dd1ia.net\/index.php\/wp-json\/wp\/v2\/pages\/10","targetHints":{"allow":["GET"]}}],"collection":[{"href":"https:\/\/www.dd1ia.net\/index.php\/wp-json\/wp\/v2\/pages"}],"about":[{"href":"https:\/\/www.dd1ia.net\/index.php\/wp-json\/wp\/v2\/types\/page"}],"author":[{"embeddable":true,"href":"https:\/\/www.dd1ia.net\/index.php\/wp-json\/wp\/v2\/users\/1"}],"replies":[{"embeddable":true,"href":"https:\/\/www.dd1ia.net\/index.php\/wp-json\/wp\/v2\/comments?post=10"}],"version-history":[{"count":21,"href":"https:\/\/www.dd1ia.net\/index.php\/wp-json\/wp\/v2\/pages\/10\/revisions"}],"predecessor-version":[{"id":419,"href":"https:\/\/www.dd1ia.net\/index.php\/wp-json\/wp\/v2\/pages\/10\/revisions\/419"}],"wp:attachment":[{"href":"https:\/\/www.dd1ia.net\/index.php\/wp-json\/wp\/v2\/media?parent=10"}],"curies":[{"name":"wp","href":"https:\/\/api.w.org\/{rel}","templated":true}]}}