{"id":286,"date":"2018-06-02T19:08:46","date_gmt":"2018-06-02T17:08:46","guid":{"rendered":"http:\/\/www.dd1ia.net\/?page_id=286"},"modified":"2018-08-15T13:06:02","modified_gmt":"2018-08-15T11:06:02","slug":"limesdr-mini","status":"publish","type":"page","link":"https:\/\/www.dd1ia.net\/index.php\/limesdr-mini\/","title":{"rendered":"LimeSDR-Mini"},"content":{"rendered":"<style id=\"bwg-style-0\">    #bwg_container1_0 #bwg_container2_0 .bwg-container-0.bwg-standard-thumbnails {      width: 904px;              justify-content: center;        margin:0 auto !important;              background-color: rgba(255, 255, 255, 0.00);            padding-left: 4px;      padding-top: 4px;      max-width: 100%;            }        #bwg_container1_0 #bwg_container2_0 .bwg-container-0.bwg-standard-thumbnails .bwg-item {    justify-content: flex-start;      max-width: 180px;            width: 180px !important;          }    #bwg_container1_0 #bwg_container2_0 .bwg-container-0.bwg-standard-thumbnails .bwg-item a {       margin-right: 4px;       margin-bottom: 4px;    }    #bwg_container1_0 #bwg_container2_0 .bwg-container-0.bwg-standard-thumbnails .bwg-item0 {      padding: 0px;            background-color:rgba(255,255,255, 0.30);      border: 0px none #CCCCCC;      opacity: 1.00;      border-radius: 0;      box-shadow: 0px 0px 0px #888888;    }    #bwg_container1_0 #bwg_container2_0 .bwg-container-0.bwg-standard-thumbnails .bwg-item1 img {      max-height: none;      max-width: none;      padding: 0 !important;    }        @media only screen and (min-width: 480px) {      #bwg_container1_0 #bwg_container2_0 .bwg-container-0.bwg-standard-thumbnails .bwg-item0 {        transition: all 0.3s ease 0s;-webkit-transition: all 0.3s ease 0s;      }      #bwg_container1_0 #bwg_container2_0 .bwg-container-0.bwg-standard-thumbnails .bwg-item0:hover {        -ms-transform: scale(1.1);        -webkit-transform: scale(1.1);        transform: scale(1.1);      }    }          #bwg_container1_0 #bwg_container2_0 .bwg-container-0.bwg-standard-thumbnails .bwg-item1 {      padding-top: 50%;    }        #bwg_container1_0 #bwg_container2_0 .bwg-container-0.bwg-standard-thumbnails .bwg-title2,    #bwg_container1_0 #bwg_container2_0 .bwg-container-0.bwg-standard-thumbnails .bwg-ecommerce2 {      color: #CCCCCC;      font-family: segoe ui;      font-size: 16px;      font-weight: bold;      padding: 2px;      text-shadow: 0px 0px 0px #888888;      max-height: 100%;    }    #bwg_container1_0 #bwg_container2_0 .bwg-container-0.bwg-standard-thumbnails .bwg-thumb-description span {    color: #323A45;    font-family: Ubuntu;    font-size: 12px;    max-height: 100%;    word-wrap: break-word;    }    #bwg_container1_0 #bwg_container2_0 .bwg-container-0.bwg-standard-thumbnails .bwg-play-icon2 {      font-size: 32px;    }    #bwg_container1_0 #bwg_container2_0 .bwg-container-0.bwg-standard-thumbnails .bwg-ecommerce2 {      font-size: 19.2px;      color: #CCCCCC;    }    <\/style>    <div id=\"bwg_container1_0\"         class=\"bwg_container bwg_thumbnail bwg_thumbnails \"         data-right-click-protection=\"1\"         data-bwg=\"0\"         data-scroll=\"0\"         data-gallery-type=\"thumbnails\"         data-gallery-view-type=\"thumbnails\"         data-current-url=\"\/index.php\/wp-json\/wp\/v2\/pages\/286\"         data-lightbox-url=\"https:\/\/www.dd1ia.net\/wp-admin\/admin-ajax.php?action=GalleryBox&#038;current_view=0&#038;gallery_id=21&#038;tag=0&#038;theme_id=1&#038;shortcode_id=43&#038;sort_by=order&#038;order_by=asc&#038;current_url=%2Findex.php%2Fwp-json%2Fwp%2Fv2%2Fpages%2F286\"         data-gallery-id=\"21\"         data-popup-width=\"1024\"         data-popup-height=\"768\"         data-is-album=\"gallery\"         data-buttons-position=\"bottom\">      <div id=\"bwg_container2_0\">             <div id=\"ajax_loading_0\" class=\"bwg_loading_div_1\">      <div class=\"bwg_loading_div_2\">        <div class=\"bwg_loading_div_3\">          <div id=\"loading_div_0\" class=\"bwg_spider_ajax_loading\">          <\/div>        <\/div>      <\/div>    <\/div>            <form id=\"gal_front_form_0\"              class=\"bwg-hidden\"              method=\"post\"              action=\"#\"              data-current=\"0\"              data-shortcode-id=\"43\"              data-gallery-type=\"thumbnails\"              data-gallery-id=\"21\"              data-tag=\"0\"              data-album-id=\"0\"              data-theme-id=\"1\"              data-ajax-url=\"https:\/\/www.dd1ia.net\/wp-admin\/admin-ajax.php?action=bwg_frontend_data\">          <div id=\"bwg_container3_0\" class=\"bwg-background bwg-background-0\">                <div data-max-count=\"5\"         data-thumbnail-width=\"180\"         data-bwg=\"0\"         data-gallery-id=\"21\"         data-lightbox-url=\"https:\/\/www.dd1ia.net\/wp-admin\/admin-ajax.php?action=GalleryBox&amp;current_view=0&amp;gallery_id=21&amp;tag=0&amp;theme_id=1&amp;shortcode_id=43&amp;sort_by=order&amp;order_by=asc&amp;current_url=%2Findex.php%2Fwp-json%2Fwp%2Fv2%2Fpages%2F286\"         id=\"bwg_thumbnails_0\"         class=\"bwg-container-0 bwg-thumbnails bwg-standard-thumbnails bwg-container bwg-border-box\">            <div class=\"bwg-item\">        <a class=\"bwg-a  bwg_lightbox\"  data-image-id=\"98\" href=\"https:\/\/www.dd1ia.net\/wp-content\/uploads\/photo-gallery\/20180815-_DSC4229.jpg\" data-elementor-open-lightbox=\"no\">                <div class=\"bwg-item0 \">          <div class=\"bwg-item1 \">            <div class=\"bwg-item2\">              <img decoding=\"async\" class=\"skip-lazy bwg_standart_thumb_img_0 \"                   data-id=\"98\"                   data-width=\"\"                   data-height=\"\"                   data-src=\"https:\/\/www.dd1ia.net\/wp-content\/uploads\/photo-gallery\/thumb\/20180815-_DSC4229.jpg\"                   src=\"https:\/\/www.dd1ia.net\/wp-content\/uploads\/photo-gallery\/thumb\/20180815-_DSC4229.jpg\"                   alt=\"LimeSDR unpacked\"                   title=\"LimeSDR unpacked\" \/>            <\/div>            <div class=\"\">                                                      <\/div>          <\/div>        <\/div>                        <\/a>              <\/div>          <\/div>    <style>      \/*pagination styles*\/      #bwg_container1_0 #bwg_container2_0 .tablenav-pages_0 {\t\t\t\ttext-align: center;\t\t\t\tfont-size: 12px;\t\t\t\tfont-family: segoe ui;\t\t\t\tfont-weight: bold;\t\t\t\tcolor: #666666;\t\t\t\tmargin: 6px 0 4px;\t\t\t\tdisplay: block;      }      @media only screen and (max-width : 320px) {      #bwg_container1_0 #bwg_container2_0 .displaying-num_0 {     \t display: none;      }      }      #bwg_container1_0 #bwg_container2_0 .displaying-num_0 {\t\t\t\tfont-size: 12px;\t\t\t\tfont-family: segoe ui;\t\t\t\tfont-weight: bold;\t\t\t\tcolor: #666666;\t\t\t\tmargin-right: 10px;\t\t\t\tvertical-align: middle;      }      #bwg_container1_0 #bwg_container2_0 .paging-input_0 {\t\t\t\tfont-size: 12px;\t\t\t\tfont-family: segoe ui;\t\t\t\tfont-weight: bold;\t\t\t\tcolor: #666666;\t\t\t\tvertical-align: middle;      }      #bwg_container1_0 #bwg_container2_0 .tablenav-pages_0 a.disabled,      #bwg_container1_0 #bwg_container2_0 .tablenav-pages_0 a.disabled:hover,      #bwg_container1_0 #bwg_container2_0 .tablenav-pages_0 a.disabled:focus,\t\t\t#bwg_container1_0 #bwg_container2_0 .tablenav-pages_0 input.bwg_current_page {\t\t\t\tcursor: default;\t\t\t\tcolor: rgba(102, 102, 102, 0.5);      }      #bwg_container1_0 #bwg_container2_0 .tablenav-pages_0 a,      #bwg_container1_0 #bwg_container2_0 .tablenav-pages_0 input.bwg_current_page {\t\t\t\tcursor: pointer;\t\t\t\ttext-align: center;\t\t\t\tfont-size: 12px;\t\t\t\tfont-family: segoe ui;\t\t\t\tfont-weight: bold;\t\t\t\tcolor: #666666;\t\t\t\ttext-decoration: none;\t\t\t\tpadding: 3px 6px;\t\t\t\tmargin: 0;\t\t\t\tborder-radius: 0;\t\t\t\tborder-style: solid;\t\t\t\tborder-width: 1px;\t\t\t\tborder-color: #E3E3E3;\t\t\t\t\t\t\t\tbackground-color: rgba(255, 255, 255, 1.00);\t\t\t\tbox-shadow: 0;\t\t\t\ttransition: all 0.3s ease 0s;-webkit-transition: all 0.3s ease 0s;      }      <\/style>      <span class=\"bwg_nav_cont_0\">              <div class=\"tablenav-pages_0\">                  <\/div>                <input type=\"hidden\" id=\"page_number_0\" name=\"page_number_0\" value=\"1\" \/>      <script type=\"text\/javascript\">        if( jQuery('.bwg_nav_cont_0').length > 1 ) {          jQuery('.bwg_nav_cont_0').first().remove()        }        function spider_page_0(cur, x, y, load_more) {          if (typeof load_more == \"undefined\") {            var load_more = false;          }          if (jQuery(cur).hasClass('disabled')) {            return false;          }          var items_county_0 = 1;          switch (y) {            case 1:              if (x >= items_county_0) {                document.getElementById('page_number_0').value = items_county_0;              }              else {                document.getElementById('page_number_0').value = x + 1;              }              break;            case 2:              document.getElementById('page_number_0').value = items_county_0;              break;            case -1:              if (x == 1) {                document.getElementById('page_number_0').value = 1;              }              else {                document.getElementById('page_number_0').value = x - 1;              }              break;            case -2:              document.getElementById('page_number_0').value = 1;              break;\t\t\t\t\t\tcase 0:              document.getElementById('page_number_0').value = x;              break;            default:              document.getElementById('page_number_0').value = 1;          }          bwg_ajax('gal_front_form_0', '0', 'bwg_thumbnails_0', '0', '', 'gallery', 0, '', '', load_more, '', 1);        }                    jQuery('.first-page-0').on('click', function () {              spider_page_0(this, 1, -2, 'numeric');              return false;            });            jQuery('.prev-page-0').on('click', function () {              spider_page_0(this, 1, -1, 'numeric');              return false;            });            jQuery('.next-page-0').on('click', function () {              spider_page_0(this, 1, 1, 'numeric');              return false;            });            jQuery('.last-page-0').on('click', function () {              spider_page_0(this, 1, 2, 'numeric');              return false;            });        \t\t\t\t\/* Change page on input enter. *\/        function bwg_change_page_0( e, that ) {          if (  e.key == 'Enter' ) {            var to_page = parseInt(jQuery(that).val());            var pages_count = jQuery(that).parents(\".pagination-links\").data(\"pages-count\");            var current_url_param = jQuery(that).attr('data-url-info');            if (to_page > pages_count) {              to_page = 1;            }\t \t\t\t\t\t\t\t\t\t\t\t\tspider_page_0(this, to_page, 0, 'numeric');\t\t\t\t\t\t\treturn false;\t\t\t\t\t\t          }          return true;        }        jQuery('.bwg_load_btn_0').on('click', function () {            spider_page_0(this, 1, 1, true);            return false;        });      <\/script>      <\/span>                <\/div>        <\/form>        <style>          #bwg_container1_0 #bwg_container2_0 #spider_popup_overlay_0 {          background-color: #000000;          opacity: 0.70;          }          <\/style>        <div id=\"bwg_spider_popup_loading_0\" class=\"bwg_spider_popup_loading\"><\/div>        <div id=\"spider_popup_overlay_0\" class=\"spider_popup_overlay\" onclick=\"spider_destroypopup(1000)\"><\/div>        <input type=\"hidden\" id=\"bwg_random_seed_0\" value=\"1367489940\">                <\/div>    <\/div>    <script>      if (document.readyState === 'complete') {        if( typeof bwg_main_ready == 'function' ) {          if ( jQuery(\"#bwg_container1_0\").height() ) {            bwg_main_ready(jQuery(\"#bwg_container1_0\"));          }        }      } else {        document.addEventListener('DOMContentLoaded', function() {          if( typeof bwg_main_ready == 'function' ) {            if ( jQuery(\"#bwg_container1_0\").height() ) {             bwg_main_ready(jQuery(\"#bwg_container1_0\"));            }          }        });      }    <\/script>    \n<p>Der LimeSDR-Mini ist als Crowdfunding Projekt gestartet. RF-Transceiver Lime Microsystems LMS7002M MIMO FPRF wurde hier zusammen einem INTEL FPGA verbaut. USB3 als Connect und RX\/TX als SMA Buchsen. Als Software stehen die LimeSuiteGUI, sowie Plugins f\u00fcr HDSDR und GNURadio zur Verf\u00fcgung. Die ESA hat nach Ver\u00f6ffentlichungen auch 200 geordert. Mein vor geraumer Zeit, via CrowdSupply, bestelltes Exemplar sollte Mitte\/Ende Juni eintreffen. Schade, im Sommer wartet immer soviel andere Arbeit rund ums Haus ;-(<\/p>\n<p>Frequenz 10MHz &#8211; 3,5 GHz\u00a0\u00a0\u00a0 bis 30MHz Bandbreite<\/p>\n<p>15.August 2018:\u00a0 Die sch\u00f6ne Brieftr\u00e4gerin brachte heute meinen Lime und kassierte gleich die Steuer f\u00fcr den Staat der sich so um uns Amateurfunker bem\u00fcht \ud83d\ude09<\/p>\n","protected":false},"excerpt":{"rendered":"<p>Der LimeSDR-Mini ist als Crowdfunding Projekt gestartet. RF-Transceiver Lime Microsystems LMS7002M MIMO FPRF wurde hier zusammen einem INTEL FPGA verbaut. USB3 als Connect und RX\/TX als SMA Buchsen. Als Software stehen die LimeSuiteGUI, sowie Plugins f\u00fcr HDSDR und GNURadio zur Verf\u00fcgung. Die ESA hat nach Ver\u00f6ffentlichungen auch 200 geordert. Mein vor geraumer Zeit, via CrowdSupply, [&hellip;]<\/p>\n","protected":false},"author":1,"featured_media":0,"parent":0,"menu_order":0,"comment_status":"closed","ping_status":"closed","template":"","meta":{"footnotes":""},"class_list":["post-286","page","type-page","status-publish","hentry"],"yoast_head":"<!-- This site is optimized with the Yoast SEO plugin v27.2 - https:\/\/yoast.com\/product\/yoast-seo-wordpress\/ -->\n<title>LimeSDR-Mini - DD1IA<\/title>\n<meta name=\"robots\" content=\"index, follow, max-snippet:-1, max-image-preview:large, max-video-preview:-1\" \/>\n<link rel=\"canonical\" href=\"https:\/\/www.dd1ia.net\/index.php\/limesdr-mini\/\" \/>\n<meta property=\"og:locale\" content=\"de_DE\" \/>\n<meta property=\"og:type\" content=\"article\" \/>\n<meta property=\"og:title\" content=\"LimeSDR-Mini - DD1IA\" \/>\n<meta property=\"og:description\" content=\"Der LimeSDR-Mini ist als Crowdfunding Projekt gestartet. RF-Transceiver Lime Microsystems LMS7002M MIMO FPRF wurde hier zusammen einem INTEL FPGA verbaut. USB3 als Connect und RX\/TX als SMA Buchsen. Als Software stehen die LimeSuiteGUI, sowie Plugins f\u00fcr HDSDR und GNURadio zur Verf\u00fcgung. Die ESA hat nach Ver\u00f6ffentlichungen auch 200 geordert. Mein vor geraumer Zeit, via CrowdSupply, [&hellip;]\" \/>\n<meta property=\"og:url\" content=\"https:\/\/www.dd1ia.net\/index.php\/limesdr-mini\/\" \/>\n<meta property=\"og:site_name\" content=\"DD1IA\" \/>\n<meta property=\"article:modified_time\" content=\"2018-08-15T11:06:02+00:00\" \/>\n<meta name=\"twitter:card\" content=\"summary_large_image\" \/>\n<meta name=\"twitter:label1\" content=\"Gesch\u00e4tzte Lesezeit\" \/>\n\t<meta name=\"twitter:data1\" content=\"1\u00a0Minute\" \/>\n<script type=\"application\/ld+json\" class=\"yoast-schema-graph\">{\"@context\":\"https:\/\/schema.org\",\"@graph\":[{\"@type\":\"WebPage\",\"@id\":\"https:\/\/www.dd1ia.net\/index.php\/limesdr-mini\/\",\"url\":\"https:\/\/www.dd1ia.net\/index.php\/limesdr-mini\/\",\"name\":\"LimeSDR-Mini - DD1IA\",\"isPartOf\":{\"@id\":\"https:\/\/www.dd1ia.net\/#website\"},\"datePublished\":\"2018-06-02T17:08:46+00:00\",\"dateModified\":\"2018-08-15T11:06:02+00:00\",\"breadcrumb\":{\"@id\":\"https:\/\/www.dd1ia.net\/index.php\/limesdr-mini\/#breadcrumb\"},\"inLanguage\":\"de\",\"potentialAction\":[{\"@type\":\"ReadAction\",\"target\":[\"https:\/\/www.dd1ia.net\/index.php\/limesdr-mini\/\"]}]},{\"@type\":\"BreadcrumbList\",\"@id\":\"https:\/\/www.dd1ia.net\/index.php\/limesdr-mini\/#breadcrumb\",\"itemListElement\":[{\"@type\":\"ListItem\",\"position\":1,\"name\":\"Startseite\",\"item\":\"https:\/\/www.dd1ia.net\/\"},{\"@type\":\"ListItem\",\"position\":2,\"name\":\"LimeSDR-Mini\"}]},{\"@type\":\"WebSite\",\"@id\":\"https:\/\/www.dd1ia.net\/#website\",\"url\":\"https:\/\/www.dd1ia.net\/\",\"name\":\"DD1IA\",\"description\":\"Amateurfunk &amp; Projekte\",\"publisher\":{\"@id\":\"https:\/\/www.dd1ia.net\/#\/schema\/person\/f3445c6fa4bfdcf4370591cd0d015b02\"},\"potentialAction\":[{\"@type\":\"SearchAction\",\"target\":{\"@type\":\"EntryPoint\",\"urlTemplate\":\"https:\/\/www.dd1ia.net\/?s={search_term_string}\"},\"query-input\":{\"@type\":\"PropertyValueSpecification\",\"valueRequired\":true,\"valueName\":\"search_term_string\"}}],\"inLanguage\":\"de\"},{\"@type\":[\"Person\",\"Organization\"],\"@id\":\"https:\/\/www.dd1ia.net\/#\/schema\/person\/f3445c6fa4bfdcf4370591cd0d015b02\",\"name\":\"hpn\",\"image\":{\"@type\":\"ImageObject\",\"inLanguage\":\"de\",\"@id\":\"https:\/\/secure.gravatar.com\/avatar\/99cc0cbdbb3123a71f88a7ed5f8527e0b1ccf341c2028e4a2d997652d377979d?s=96&d=mm&r=g\",\"url\":\"https:\/\/secure.gravatar.com\/avatar\/99cc0cbdbb3123a71f88a7ed5f8527e0b1ccf341c2028e4a2d997652d377979d?s=96&d=mm&r=g\",\"contentUrl\":\"https:\/\/secure.gravatar.com\/avatar\/99cc0cbdbb3123a71f88a7ed5f8527e0b1ccf341c2028e4a2d997652d377979d?s=96&d=mm&r=g\",\"caption\":\"hpn\"},\"logo\":{\"@id\":\"https:\/\/secure.gravatar.com\/avatar\/99cc0cbdbb3123a71f88a7ed5f8527e0b1ccf341c2028e4a2d997652d377979d?s=96&d=mm&r=g\"},\"sameAs\":[\"http:\/\/www.dd1ia.de\"]}]}<\/script>\n<!-- \/ Yoast SEO plugin. -->","yoast_head_json":{"title":"LimeSDR-Mini - DD1IA","robots":{"index":"index","follow":"follow","max-snippet":"max-snippet:-1","max-image-preview":"max-image-preview:large","max-video-preview":"max-video-preview:-1"},"canonical":"https:\/\/www.dd1ia.net\/index.php\/limesdr-mini\/","og_locale":"de_DE","og_type":"article","og_title":"LimeSDR-Mini - DD1IA","og_description":"Der LimeSDR-Mini ist als Crowdfunding Projekt gestartet. RF-Transceiver Lime Microsystems LMS7002M MIMO FPRF wurde hier zusammen einem INTEL FPGA verbaut. USB3 als Connect und RX\/TX als SMA Buchsen. Als Software stehen die LimeSuiteGUI, sowie Plugins f\u00fcr HDSDR und GNURadio zur Verf\u00fcgung. Die ESA hat nach Ver\u00f6ffentlichungen auch 200 geordert. Mein vor geraumer Zeit, via CrowdSupply, [&hellip;]","og_url":"https:\/\/www.dd1ia.net\/index.php\/limesdr-mini\/","og_site_name":"DD1IA","article_modified_time":"2018-08-15T11:06:02+00:00","twitter_card":"summary_large_image","twitter_misc":{"Gesch\u00e4tzte Lesezeit":"1\u00a0Minute"},"schema":{"@context":"https:\/\/schema.org","@graph":[{"@type":"WebPage","@id":"https:\/\/www.dd1ia.net\/index.php\/limesdr-mini\/","url":"https:\/\/www.dd1ia.net\/index.php\/limesdr-mini\/","name":"LimeSDR-Mini - DD1IA","isPartOf":{"@id":"https:\/\/www.dd1ia.net\/#website"},"datePublished":"2018-06-02T17:08:46+00:00","dateModified":"2018-08-15T11:06:02+00:00","breadcrumb":{"@id":"https:\/\/www.dd1ia.net\/index.php\/limesdr-mini\/#breadcrumb"},"inLanguage":"de","potentialAction":[{"@type":"ReadAction","target":["https:\/\/www.dd1ia.net\/index.php\/limesdr-mini\/"]}]},{"@type":"BreadcrumbList","@id":"https:\/\/www.dd1ia.net\/index.php\/limesdr-mini\/#breadcrumb","itemListElement":[{"@type":"ListItem","position":1,"name":"Startseite","item":"https:\/\/www.dd1ia.net\/"},{"@type":"ListItem","position":2,"name":"LimeSDR-Mini"}]},{"@type":"WebSite","@id":"https:\/\/www.dd1ia.net\/#website","url":"https:\/\/www.dd1ia.net\/","name":"DD1IA","description":"Amateurfunk &amp; Projekte","publisher":{"@id":"https:\/\/www.dd1ia.net\/#\/schema\/person\/f3445c6fa4bfdcf4370591cd0d015b02"},"potentialAction":[{"@type":"SearchAction","target":{"@type":"EntryPoint","urlTemplate":"https:\/\/www.dd1ia.net\/?s={search_term_string}"},"query-input":{"@type":"PropertyValueSpecification","valueRequired":true,"valueName":"search_term_string"}}],"inLanguage":"de"},{"@type":["Person","Organization"],"@id":"https:\/\/www.dd1ia.net\/#\/schema\/person\/f3445c6fa4bfdcf4370591cd0d015b02","name":"hpn","image":{"@type":"ImageObject","inLanguage":"de","@id":"https:\/\/secure.gravatar.com\/avatar\/99cc0cbdbb3123a71f88a7ed5f8527e0b1ccf341c2028e4a2d997652d377979d?s=96&d=mm&r=g","url":"https:\/\/secure.gravatar.com\/avatar\/99cc0cbdbb3123a71f88a7ed5f8527e0b1ccf341c2028e4a2d997652d377979d?s=96&d=mm&r=g","contentUrl":"https:\/\/secure.gravatar.com\/avatar\/99cc0cbdbb3123a71f88a7ed5f8527e0b1ccf341c2028e4a2d997652d377979d?s=96&d=mm&r=g","caption":"hpn"},"logo":{"@id":"https:\/\/secure.gravatar.com\/avatar\/99cc0cbdbb3123a71f88a7ed5f8527e0b1ccf341c2028e4a2d997652d377979d?s=96&d=mm&r=g"},"sameAs":["http:\/\/www.dd1ia.de"]}]}},"_links":{"self":[{"href":"https:\/\/www.dd1ia.net\/index.php\/wp-json\/wp\/v2\/pages\/286","targetHints":{"allow":["GET"]}}],"collection":[{"href":"https:\/\/www.dd1ia.net\/index.php\/wp-json\/wp\/v2\/pages"}],"about":[{"href":"https:\/\/www.dd1ia.net\/index.php\/wp-json\/wp\/v2\/types\/page"}],"author":[{"embeddable":true,"href":"https:\/\/www.dd1ia.net\/index.php\/wp-json\/wp\/v2\/users\/1"}],"replies":[{"embeddable":true,"href":"https:\/\/www.dd1ia.net\/index.php\/wp-json\/wp\/v2\/comments?post=286"}],"version-history":[{"count":4,"href":"https:\/\/www.dd1ia.net\/index.php\/wp-json\/wp\/v2\/pages\/286\/revisions"}],"predecessor-version":[{"id":347,"href":"https:\/\/www.dd1ia.net\/index.php\/wp-json\/wp\/v2\/pages\/286\/revisions\/347"}],"wp:attachment":[{"href":"https:\/\/www.dd1ia.net\/index.php\/wp-json\/wp\/v2\/media?parent=286"}],"curies":[{"name":"wp","href":"https:\/\/api.w.org\/{rel}","templated":true}]}}