{"id":8,"date":"2018-03-03T22:37:44","date_gmt":"2018-03-03T21:37:44","guid":{"rendered":"http:\/\/www.dd1ia.net\/?page_id=8"},"modified":"2019-08-17T12:35:43","modified_gmt":"2019-08-17T10:35:43","slug":"ueber-mich","status":"publish","type":"page","link":"https:\/\/www.dd1ia.net\/index.php\/ueber-mich\/","title":{"rendered":"\u00dcber mich"},"content":{"rendered":"<h4>Ich habe meine Amateurfunk-Lizenz im Jahre 1978 nach der Pr\u00fcfung bei der OPD Saarbr\u00fccken erhalten. Meine Interessen im AFunk liegen haupts\u00e4chlich im technischen Bereich. Also sammle ich eher tausende Programmzeilen statt QSL-Karten \ud83d\ude09 Unser Hobby bietet eben vielen Interessen einen Spielraum und genau diese Tatsache macht den Reiz aus. SCHADE nur, dass sowohl aus unseren eigenen Reihen wie von staatlicher Seite unn\u00f6tige Hinder-\/\u00c4rgernisse in unseren Weg gelegt werden !! \ud83d\ude41\u00a0 73 de Hans-Peter<\/h4>\n<p>QTH : Pirmasens RLP  JN39TE<\/p>\n","protected":false},"excerpt":{"rendered":"<p>Ich habe meine Amateurfunk-Lizenz im Jahre 1978 nach der Pr\u00fcfung bei der OPD Saarbr\u00fccken erhalten. Meine Interessen im AFunk liegen haupts\u00e4chlich im technischen Bereich. Also sammle ich eher tausende Programmzeilen statt QSL-Karten \ud83d\ude09 Unser Hobby bietet eben vielen Interessen einen Spielraum und genau diese Tatsache macht den Reiz aus. SCHADE nur, dass sowohl aus unseren [&hellip;]<\/p>\n","protected":false},"author":1,"featured_media":0,"parent":0,"menu_order":0,"comment_status":"closed","ping_status":"closed","template":"","meta":{"footnotes":""},"class_list":["post-8","page","type-page","status-publish","hentry"],"yoast_head":"<!-- This site is optimized with the Yoast SEO plugin v27.2 - https:\/\/yoast.com\/product\/yoast-seo-wordpress\/ -->\n<title>\u00dcber mich - DD1IA<\/title>\n<meta name=\"robots\" content=\"index, follow, max-snippet:-1, max-image-preview:large, max-video-preview:-1\" \/>\n<link rel=\"canonical\" href=\"https:\/\/www.dd1ia.net\/index.php\/ueber-mich\/\" \/>\n<meta property=\"og:locale\" content=\"de_DE\" \/>\n<meta property=\"og:type\" content=\"article\" \/>\n<meta property=\"og:title\" content=\"\u00dcber mich - DD1IA\" \/>\n<meta property=\"og:description\" content=\"Ich habe meine Amateurfunk-Lizenz im Jahre 1978 nach der Pr\u00fcfung bei der OPD Saarbr\u00fccken erhalten. Meine Interessen im AFunk liegen haupts\u00e4chlich im technischen Bereich. Also sammle ich eher tausende Programmzeilen statt QSL-Karten \ud83d\ude09 Unser Hobby bietet eben vielen Interessen einen Spielraum und genau diese Tatsache macht den Reiz aus. SCHADE nur, dass sowohl aus unseren [&hellip;]\" \/>\n<meta property=\"og:url\" content=\"https:\/\/www.dd1ia.net\/index.php\/ueber-mich\/\" \/>\n<meta property=\"og:site_name\" content=\"DD1IA\" \/>\n<meta property=\"article:modified_time\" content=\"2019-08-17T10:35:43+00:00\" \/>\n<meta name=\"twitter:card\" content=\"summary_large_image\" \/>\n<script type=\"application\/ld+json\" class=\"yoast-schema-graph\">{\"@context\":\"https:\/\/schema.org\",\"@graph\":[{\"@type\":\"WebPage\",\"@id\":\"https:\/\/www.dd1ia.net\/index.php\/ueber-mich\/\",\"url\":\"https:\/\/www.dd1ia.net\/index.php\/ueber-mich\/\",\"name\":\"\u00dcber mich - DD1IA\",\"isPartOf\":{\"@id\":\"https:\/\/www.dd1ia.net\/#website\"},\"datePublished\":\"2018-03-03T21:37:44+00:00\",\"dateModified\":\"2019-08-17T10:35:43+00:00\",\"breadcrumb\":{\"@id\":\"https:\/\/www.dd1ia.net\/index.php\/ueber-mich\/#breadcrumb\"},\"inLanguage\":\"de\",\"potentialAction\":[{\"@type\":\"ReadAction\",\"target\":[\"https:\/\/www.dd1ia.net\/index.php\/ueber-mich\/\"]}]},{\"@type\":\"BreadcrumbList\",\"@id\":\"https:\/\/www.dd1ia.net\/index.php\/ueber-mich\/#breadcrumb\",\"itemListElement\":[{\"@type\":\"ListItem\",\"position\":1,\"name\":\"Startseite\",\"item\":\"https:\/\/www.dd1ia.net\/\"},{\"@type\":\"ListItem\",\"position\":2,\"name\":\"\u00dcber mich\"}]},{\"@type\":\"WebSite\",\"@id\":\"https:\/\/www.dd1ia.net\/#website\",\"url\":\"https:\/\/www.dd1ia.net\/\",\"name\":\"DD1IA\",\"description\":\"Amateurfunk &amp; Projekte\",\"publisher\":{\"@id\":\"https:\/\/www.dd1ia.net\/#\/schema\/person\/f3445c6fa4bfdcf4370591cd0d015b02\"},\"potentialAction\":[{\"@type\":\"SearchAction\",\"target\":{\"@type\":\"EntryPoint\",\"urlTemplate\":\"https:\/\/www.dd1ia.net\/?s={search_term_string}\"},\"query-input\":{\"@type\":\"PropertyValueSpecification\",\"valueRequired\":true,\"valueName\":\"search_term_string\"}}],\"inLanguage\":\"de\"},{\"@type\":[\"Person\",\"Organization\"],\"@id\":\"https:\/\/www.dd1ia.net\/#\/schema\/person\/f3445c6fa4bfdcf4370591cd0d015b02\",\"name\":\"hpn\",\"image\":{\"@type\":\"ImageObject\",\"inLanguage\":\"de\",\"@id\":\"https:\/\/secure.gravatar.com\/avatar\/99cc0cbdbb3123a71f88a7ed5f8527e0b1ccf341c2028e4a2d997652d377979d?s=96&d=mm&r=g\",\"url\":\"https:\/\/secure.gravatar.com\/avatar\/99cc0cbdbb3123a71f88a7ed5f8527e0b1ccf341c2028e4a2d997652d377979d?s=96&d=mm&r=g\",\"contentUrl\":\"https:\/\/secure.gravatar.com\/avatar\/99cc0cbdbb3123a71f88a7ed5f8527e0b1ccf341c2028e4a2d997652d377979d?s=96&d=mm&r=g\",\"caption\":\"hpn\"},\"logo\":{\"@id\":\"https:\/\/secure.gravatar.com\/avatar\/99cc0cbdbb3123a71f88a7ed5f8527e0b1ccf341c2028e4a2d997652d377979d?s=96&d=mm&r=g\"},\"sameAs\":[\"http:\/\/www.dd1ia.de\"]}]}<\/script>\n<!-- \/ Yoast SEO plugin. -->","yoast_head_json":{"title":"\u00dcber mich - DD1IA","robots":{"index":"index","follow":"follow","max-snippet":"max-snippet:-1","max-image-preview":"max-image-preview:large","max-video-preview":"max-video-preview:-1"},"canonical":"https:\/\/www.dd1ia.net\/index.php\/ueber-mich\/","og_locale":"de_DE","og_type":"article","og_title":"\u00dcber mich - DD1IA","og_description":"Ich habe meine Amateurfunk-Lizenz im Jahre 1978 nach der Pr\u00fcfung bei der OPD Saarbr\u00fccken erhalten. Meine Interessen im AFunk liegen haupts\u00e4chlich im technischen Bereich. Also sammle ich eher tausende Programmzeilen statt QSL-Karten \ud83d\ude09 Unser Hobby bietet eben vielen Interessen einen Spielraum und genau diese Tatsache macht den Reiz aus. SCHADE nur, dass sowohl aus unseren [&hellip;]","og_url":"https:\/\/www.dd1ia.net\/index.php\/ueber-mich\/","og_site_name":"DD1IA","article_modified_time":"2019-08-17T10:35:43+00:00","twitter_card":"summary_large_image","schema":{"@context":"https:\/\/schema.org","@graph":[{"@type":"WebPage","@id":"https:\/\/www.dd1ia.net\/index.php\/ueber-mich\/","url":"https:\/\/www.dd1ia.net\/index.php\/ueber-mich\/","name":"\u00dcber mich - DD1IA","isPartOf":{"@id":"https:\/\/www.dd1ia.net\/#website"},"datePublished":"2018-03-03T21:37:44+00:00","dateModified":"2019-08-17T10:35:43+00:00","breadcrumb":{"@id":"https:\/\/www.dd1ia.net\/index.php\/ueber-mich\/#breadcrumb"},"inLanguage":"de","potentialAction":[{"@type":"ReadAction","target":["https:\/\/www.dd1ia.net\/index.php\/ueber-mich\/"]}]},{"@type":"BreadcrumbList","@id":"https:\/\/www.dd1ia.net\/index.php\/ueber-mich\/#breadcrumb","itemListElement":[{"@type":"ListItem","position":1,"name":"Startseite","item":"https:\/\/www.dd1ia.net\/"},{"@type":"ListItem","position":2,"name":"\u00dcber mich"}]},{"@type":"WebSite","@id":"https:\/\/www.dd1ia.net\/#website","url":"https:\/\/www.dd1ia.net\/","name":"DD1IA","description":"Amateurfunk &amp; Projekte","publisher":{"@id":"https:\/\/www.dd1ia.net\/#\/schema\/person\/f3445c6fa4bfdcf4370591cd0d015b02"},"potentialAction":[{"@type":"SearchAction","target":{"@type":"EntryPoint","urlTemplate":"https:\/\/www.dd1ia.net\/?s={search_term_string}"},"query-input":{"@type":"PropertyValueSpecification","valueRequired":true,"valueName":"search_term_string"}}],"inLanguage":"de"},{"@type":["Person","Organization"],"@id":"https:\/\/www.dd1ia.net\/#\/schema\/person\/f3445c6fa4bfdcf4370591cd0d015b02","name":"hpn","image":{"@type":"ImageObject","inLanguage":"de","@id":"https:\/\/secure.gravatar.com\/avatar\/99cc0cbdbb3123a71f88a7ed5f8527e0b1ccf341c2028e4a2d997652d377979d?s=96&d=mm&r=g","url":"https:\/\/secure.gravatar.com\/avatar\/99cc0cbdbb3123a71f88a7ed5f8527e0b1ccf341c2028e4a2d997652d377979d?s=96&d=mm&r=g","contentUrl":"https:\/\/secure.gravatar.com\/avatar\/99cc0cbdbb3123a71f88a7ed5f8527e0b1ccf341c2028e4a2d997652d377979d?s=96&d=mm&r=g","caption":"hpn"},"logo":{"@id":"https:\/\/secure.gravatar.com\/avatar\/99cc0cbdbb3123a71f88a7ed5f8527e0b1ccf341c2028e4a2d997652d377979d?s=96&d=mm&r=g"},"sameAs":["http:\/\/www.dd1ia.de"]}]}},"_links":{"self":[{"href":"https:\/\/www.dd1ia.net\/index.php\/wp-json\/wp\/v2\/pages\/8","targetHints":{"allow":["GET"]}}],"collection":[{"href":"https:\/\/www.dd1ia.net\/index.php\/wp-json\/wp\/v2\/pages"}],"about":[{"href":"https:\/\/www.dd1ia.net\/index.php\/wp-json\/wp\/v2\/types\/page"}],"author":[{"embeddable":true,"href":"https:\/\/www.dd1ia.net\/index.php\/wp-json\/wp\/v2\/users\/1"}],"replies":[{"embeddable":true,"href":"https:\/\/www.dd1ia.net\/index.php\/wp-json\/wp\/v2\/comments?post=8"}],"version-history":[{"count":6,"href":"https:\/\/www.dd1ia.net\/index.php\/wp-json\/wp\/v2\/pages\/8\/revisions"}],"predecessor-version":[{"id":415,"href":"https:\/\/www.dd1ia.net\/index.php\/wp-json\/wp\/v2\/pages\/8\/revisions\/415"}],"wp:attachment":[{"href":"https:\/\/www.dd1ia.net\/index.php\/wp-json\/wp\/v2\/media?parent=8"}],"curies":[{"name":"wp","href":"https:\/\/api.w.org\/{rel}","templated":true}]}}